{"id":1029,"date":"2026-03-04T10:30:19","date_gmt":"2026-03-04T08:30:19","guid":{"rendered":"http:\/\/www.spieleakademie.at\/wordpress\/?page_id=1029"},"modified":"2026-04-10T18:11:40","modified_gmt":"2026-04-10T16:11:40","slug":"1-offizielle-oesterreich-meisterschaft-in-terraforming-mars","status":"publish","type":"page","link":"http:\/\/www.spieleakademie.at\/wordpress\/1-offizielle-oesterreich-meisterschaft-in-terraforming-mars\/","title":{"rendered":"1. offizielle \u00d6sterreich-Meisterschaft in Terraforming Mars"},"content":{"rendered":"\n<p>F\u00fcr Anmeldungen bzw. Anfragen wenden Sie sich bitte an folgende Email-Adresse \u2013 hier erhalten Sie INFOs zur weiteren Vorgangsweise:<\/p>\n\n\n\n<p><a href=\"mailto:oesterreich_meisterschaften.terraforming_mars@spieleakademie.at\" target=\"_blank\" rel=\"noreferrer noopener\">oesterreich_meisterschaften.terraforming_mars@spieleakademie.at<\/a><\/p>\n\n\n\n<p><strong>Hinweis:<\/strong> Da die Teilnehmeranzahl limitiert ist, empfehlen wir eine zeitnahe Anmeldung!<\/p>\n\n\n\n<p>ttt<\/p>\n\n\n\n<figure class=\"wp-block-image size-large\"><img loading=\"lazy\" decoding=\"async\" width=\"1024\" height=\"1024\" src=\"http:\/\/www.spieleakademie.at\/wordpress\/wp-content\/uploads\/2026\/04\/Terraforming-Mars-Plakat-2026-NEU-1024x1024.jpg\" alt=\"\" class=\"wp-image-1076\" srcset=\"http:\/\/www.spieleakademie.at\/wordpress\/wp-content\/uploads\/2026\/04\/Terraforming-Mars-Plakat-2026-NEU-1024x1024.jpg 1024w, http:\/\/www.spieleakademie.at\/wordpress\/wp-content\/uploads\/2026\/04\/Terraforming-Mars-Plakat-2026-NEU-300x300.jpg 300w, http:\/\/www.spieleakademie.at\/wordpress\/wp-content\/uploads\/2026\/04\/Terraforming-Mars-Plakat-2026-NEU-150x150.jpg 150w, http:\/\/www.spieleakademie.at\/wordpress\/wp-content\/uploads\/2026\/04\/Terraforming-Mars-Plakat-2026-NEU.jpg 1080w\" sizes=\"auto, (max-width: 1024px) 100vw, 1024px\" \/><\/figure>\n\n\n\n<h4 class=\"wp-block-heading\">PRESSEINFORMATION \/ EINLADUNG<\/h4>\n\n\n\n<h2 class=\"wp-block-heading\"><strong>\u00d6sterreichs bester Terraforming-Mars-Spieler gesucht<\/strong><\/h2>\n\n\n\n<p>Die \u00d6sterreichische Spiele-Akademie veranstaltet erste offizielle \u00d6sterreich-Meisterschaft des Neo-Spieleklassikers<\/p>\n\n\n\n<p><strong>Der auch au\u00dferhalb von Expertenspielkreisen beliebte Spiele-Hit f\u00fcr Experten 2017 <em>Terraforming Mars<\/em> hat sich mittlerweile zum Neo-Spieleklassiker gemausert. Nicht zuletzt dank zahlreicher Erweiterungen und Adaptionen des gelungenen Spielkonzepts. Im Hinblick auf die wachsende Fan-Gemeinschaft und die generell zunehmende Begeisterung f\u00fcr komplexe Spiele, sogenannte Expertenspiele, veranstaltet die \u00d6sterreichische Spiele-Akademie in Zusammenarbeit mit dem Schwerkraft-Verlag die erste offizielle \u00d6sterreich-Meisterschaft in Terraforming Mars.<\/strong><\/p>\n\n\n\n<p>Sie findet im Rahmen des 3. Expertenspieltreffens der \u00f6sterreichischen Spiele-Akademie (26.+27. September 2026) auf <strong>Schloss Tollet bei Grieskirchen<\/strong> in gediegenem Ambiente am <strong>26. und 27. September 2026<\/strong> statt.&nbsp;Gespielt werden neben dem <a href=\"https:\/\/t6c8b8e93.emailsys2a.net\/c\/83\/9010356\/7144\/0\/25778250\/81\/859027\/18f696510c.html\" target=\"_blank\" rel=\"noreferrer noopener\">Terraforming Mars Grundspiel<\/a> auch <a href=\"https:\/\/t6c8b8e93.emailsys2a.net\/c\/83\/9010356\/7144\/0\/25778250\/81\/859033\/a4088db7da.html\" target=\"_blank\" rel=\"noreferrer noopener\">Terraforming Mars \u2013 Ares Expedition (Das Kartenspiel)<\/a> sowie <a href=\"https:\/\/t6c8b8e93.emailsys2a.net\/c\/83\/9010356\/7144\/0\/25778250\/81\/859034\/9d933e7a68.html\" target=\"_blank\" rel=\"noreferrer noopener\">Terraforming Mars \u2013 Das W\u00fcrfelspiel<\/a>. Den Teilnehmern stehen also zumindest drei spannende Partien mit Gleichgesinnten aus ganz \u00d6sterreich bevor. Dar\u00fcber hinaus<\/p>\n\n\n\n<ul class=\"wp-block-list\">\n<li>erhalten alle Teilnehmer eine Terraforming Mars Mini-Erweiterung,<\/li>\n\n\n\n<li>die vier Finalisten erhalten zudem eine noch unver\u00f6ffentlichte Erweiterung 2026.<\/li>\n\n\n\n<li>Der Terraforming Mars-Meister \u00d6sterreich 2026 gewinnt eine <a href=\"https:\/\/t6c8b8e93.emailsys2a.net\/c\/83\/9010356\/7144\/0\/25778250\/81\/859035\/7a12e224c1.html\" target=\"_blank\" rel=\"noreferrer noopener\">Terraforming Mars: Sammlerbox<\/a>&nbsp;im Wert von 125 \u20ac.<\/li>\n<\/ul>\n\n\n\n<p>Modus:<\/p>\n\n\n\n<ul class=\"wp-block-list\">\n<li>In der Vorrunde am 26. September werden von 9:00 Uhr bis ca. 22 Uhr alle drei Spiele nacheinander in 4-Personen-Besetzung gespielt, wobei jeweils 5, 3, 2 und 1 Punkt(e) vom ersten bis zum vierten Platz vergeben werden. Die vier Spielenden, die nach den drei Partien die meisten Punkte erringen konnten, spielen am 27. September im Finale.<\/li>\n\n\n\n<li>Das Finale wird mit dem Grundspiel plus einer noch unver\u00f6ffentlichten Erweiterung gespielt, die die Finalisten erst am Vorabend erhalten.<\/li>\n<\/ul>\n\n\n\n<p>Die Teilnahmegeb\u00fchr betr\u00e4gt 30 \u20ac und umfasst neben der Meisterschaftsteilnahme auch Verk\u00f6stigung und Getr\u00e4nke vor Ort sowie die M\u00f6glichkeit, am 27. September beim Expertenspiel-Treffen aktuelle Expertenspiel-Neuheiten auszuprobieren. Dar\u00fcber hinaus wird am 26. September ab 14:00 Uhr eine Trainingsm\u00f6glichkeit vor Ort angeboten. Teilnahmebedingungen sind lediglich ausreichende Regelkenntnisse der drei Terraforming-Mars-Spiele, eine gewisse Spielerfahrung wird empfohlen. Da die Teilnehmerzahl limitiert ist, empfehlen wir eine zeitnahe Anmeldung.<\/p>\n\n\n\n<p><strong>Weitere Infos<\/strong> unter <a href=\"http:\/\/www.spieleakademie.at\" target=\"_blank\" rel=\"noreferrer noopener\">www.spieleakademie.at<\/a><br><strong>Anmeldungen <\/strong>bzw. Anfragen bitte an: oesterreich_meisterschaften.terraforming_mars@spieleakademie.at<\/p>\n\n\n\n<p><em><strong>\u00dcber die \u00d6sterreichische Spiele-Akademie<\/strong><br>Der Zweck des gemeinn\u00fctzigen Vereins \u201e\u00d6sterreichische Spiele-Akademie\u201c ist die ausschlie\u00dfliche und unmittelbare F\u00f6rderung des Gesellschaftsspiels in \u00d6sterreich. Neben der Vergabe des \u00d6sterreichischen Spielepreises organisiert und veranstaltet dieser Treffen \u00f6sterreichischer bzw. in \u00d6sterreich lebender Autoren, Spiele-Test-Veranstaltungen, sowie Spielefeste, etc. \u2026 und unterst\u00fctzt wissenschaftliche Arbeiten und Forschung zum Thema Spiel.<\/em><\/p>\n\n\n\n<p><em>Mit verspielten Gr\u00fc\u00dfen<br>Thomas Bareder<br>\u00d6sterreichische Spiele-Akademie<\/em><\/p>\n","protected":false},"excerpt":{"rendered":"<p>F\u00fcr Anmeldungen bzw. Anfragen wenden Sie sich bitte an folgende Email-Adresse \u2013 hier erhalten Sie INFOs zur weiteren Vorgangsweise: oesterreich_meisterschaften.terraforming_mars@spieleakademie.at Hinweis: Da die Teilnehmeranzahl limitiert ist, empfehlen wir eine zeitnahe Anmeldung! ttt PRESSEINFORMATION \/ EINLADUNG \u00d6sterreichs bester Terraforming-Mars-Spieler gesucht Die \u00d6sterreichische Spiele-Akademie veranstaltet erste offizielle \u00d6sterreich-Meisterschaft des Neo-Spieleklassikers Der auch au\u00dferhalb von Expertenspielkreisen beliebte Spiele-Hit [&hellip;]<\/p>\n","protected":false},"author":1,"featured_media":0,"parent":0,"menu_order":0,"comment_status":"closed","ping_status":"closed","template":"","meta":{"footnotes":""},"class_list":["post-1029","page","type-page","status-publish","hentry"],"_links":{"self":[{"href":"http:\/\/www.spieleakademie.at\/wordpress\/wp-json\/wp\/v2\/pages\/1029","targetHints":{"allow":["GET"]}}],"collection":[{"href":"http:\/\/www.spieleakademie.at\/wordpress\/wp-json\/wp\/v2\/pages"}],"about":[{"href":"http:\/\/www.spieleakademie.at\/wordpress\/wp-json\/wp\/v2\/types\/page"}],"author":[{"embeddable":true,"href":"http:\/\/www.spieleakademie.at\/wordpress\/wp-json\/wp\/v2\/users\/1"}],"replies":[{"embeddable":true,"href":"http:\/\/www.spieleakademie.at\/wordpress\/wp-json\/wp\/v2\/comments?post=1029"}],"version-history":[{"count":17,"href":"http:\/\/www.spieleakademie.at\/wordpress\/wp-json\/wp\/v2\/pages\/1029\/revisions"}],"predecessor-version":[{"id":1077,"href":"http:\/\/www.spieleakademie.at\/wordpress\/wp-json\/wp\/v2\/pages\/1029\/revisions\/1077"}],"wp:attachment":[{"href":"http:\/\/www.spieleakademie.at\/wordpress\/wp-json\/wp\/v2\/media?parent=1029"}],"curies":[{"name":"wp","href":"https:\/\/api.w.org\/{rel}","templated":true}]}}