{"id":900,"date":"2023-09-26T14:58:57","date_gmt":"2023-09-26T12:58:57","guid":{"rendered":"http:\/\/www.spieleakademie.ac.at\/wordpress\/?page_id=900"},"modified":"2023-09-27T19:49:33","modified_gmt":"2023-09-27T17:49:33","slug":"ueber-uns","status":"publish","type":"page","link":"http:\/\/www.spieleakademie.at\/wordpress\/ueber-uns\/","title":{"rendered":"\u00dcber uns"},"content":{"rendered":"\n<h2 class=\"wp-block-heading\">Verein \u00d6sterreichische Spiele-Akademie<\/h2>\n\n\n\n<p>Der Zweck des Vereins ist gem\u00e4\u00df seinen Statuten die ausschlie\u00dfliche und unmittelbare F\u00f6rderung des Gesellschaftsspiels (Gesellschafts,- Brett-, Kartenspiele) in \u00d6sterreich, ist nicht auf Gewinn ausgerichtet und somit ein gemeinn\u00fctziger Verein im Sinne der geltenden abgabenrechtlichen Bestimmungen (\u00a7\u00a7 34 bis 47 der Bundesabgabenordnung \u2013 BAO).<\/p>\n\n\n\n<h3 class=\"wp-block-heading\">Der Vereinszweck wird durch ideelle Mittel erreicht, darunter<\/h3>\n\n\n\n<ul class=\"wp-block-list\">\n<li>Die Vergabe des \u00d6sterreichischen Spielepreises<\/li>\n\n\n\n<li>Die Veranstaltung bzw. organisatorische Unterst\u00fctzung von Spielefesten, Workshops, Symposien oder und Plattformen zur wissenschaftlichen Auseinandersetzung mit dem zeitgen\u00f6ssischen Spiel<\/li>\n\n\n\n<li>Das Abhalten von Autorentreffen und Spiele-Test-Veranstaltungen<\/li>\n\n\n\n<li>Die Unterst\u00fctzung wissenschaftlicher Arbeiten und Forschung zum Thema Spiel<\/li>\n\n\n\n<li>Die Herausgabe einer Spiele-Zeitschrift (analog und\/oder online), von Brosch\u00fcren, INFO-Foldern und eines (j\u00e4hrlichen) Spiele-Jahrbuchs<\/li>\n<\/ul>\n\n\n\n<h3 class=\"wp-block-heading\">Vorstand<\/h3>\n\n\n\n<p><strong>Dipl. Ing. Thomas Bareder <\/strong><br>(Obmann,\u00a0 Chefredakteur WIN 2.0\u00a0 )<\/p>\n\n\n\n<p><strong>Dipl. Ing. Dagmar de Cassan <\/strong><br>(Obmann-Stellvertreter, Redaktion International-Version WIN 2.0)<\/p>\n\n\n\n<p><strong>Mag. Sarah Ulrych <\/strong><br>(Spielotheken \/ p\u00e4dagogische Gesichtspunkte des Gesellschaftsspiels)<\/p>\n\n\n\n<p><strong>Dr. Rainer Buland MAS <\/strong><br>(Spieleforschung \/ Kulturgeschichte des Spiels)<\/p>\n","protected":false},"excerpt":{"rendered":"<p>Verein \u00d6sterreichische Spiele-Akademie Der Zweck des Vereins ist gem\u00e4\u00df seinen Statuten die ausschlie\u00dfliche und unmittelbare F\u00f6rderung des Gesellschaftsspiels (Gesellschafts,- Brett-, Kartenspiele) in \u00d6sterreich, ist nicht auf Gewinn ausgerichtet und somit ein gemeinn\u00fctziger Verein im Sinne der geltenden abgabenrechtlichen Bestimmungen (\u00a7\u00a7 34 bis 47 der Bundesabgabenordnung \u2013 BAO). Der Vereinszweck wird durch ideelle Mittel erreicht, darunter [&hellip;]<\/p>\n","protected":false},"author":1,"featured_media":0,"parent":0,"menu_order":0,"comment_status":"closed","ping_status":"closed","template":"","meta":{"footnotes":""},"class_list":["post-900","page","type-page","status-publish","hentry"],"_links":{"self":[{"href":"http:\/\/www.spieleakademie.at\/wordpress\/wp-json\/wp\/v2\/pages\/900","targetHints":{"allow":["GET"]}}],"collection":[{"href":"http:\/\/www.spieleakademie.at\/wordpress\/wp-json\/wp\/v2\/pages"}],"about":[{"href":"http:\/\/www.spieleakademie.at\/wordpress\/wp-json\/wp\/v2\/types\/page"}],"author":[{"embeddable":true,"href":"http:\/\/www.spieleakademie.at\/wordpress\/wp-json\/wp\/v2\/users\/1"}],"replies":[{"embeddable":true,"href":"http:\/\/www.spieleakademie.at\/wordpress\/wp-json\/wp\/v2\/comments?post=900"}],"version-history":[{"count":6,"href":"http:\/\/www.spieleakademie.at\/wordpress\/wp-json\/wp\/v2\/pages\/900\/revisions"}],"predecessor-version":[{"id":943,"href":"http:\/\/www.spieleakademie.at\/wordpress\/wp-json\/wp\/v2\/pages\/900\/revisions\/943"}],"wp:attachment":[{"href":"http:\/\/www.spieleakademie.at\/wordpress\/wp-json\/wp\/v2\/media?parent=900"}],"curies":[{"name":"wp","href":"https:\/\/api.w.org\/{rel}","templated":true}]}}