{"id":904,"date":"2023-09-25T12:34:28","date_gmt":"2023-09-25T10:34:28","guid":{"rendered":"http:\/\/www.spieleakademie.ac.at\/wordpress\/?page_id=904"},"modified":"2026-04-09T22:00:11","modified_gmt":"2026-04-09T20:00:11","slug":"verein-oesterreichische-spiele-akademie","status":"publish","type":"page","link":"http:\/\/www.spieleakademie.at\/wordpress\/","title":{"rendered":"Willkommen bei der \u00d6sterreichischen Spiele-Akademie"},"content":{"rendered":"\n<p>Der Zweck des gemeinn\u00fctzigen Vereins \u201e\u00d6sterreichische Spiele-Akademie\u201c ist die ausschlie\u00dfliche und unmittelbare F\u00f6rderung des Gesellschaftsspiels in \u00d6sterreich. Neben der Vergabe des \u00d6sterreichischen Spielepreises organisiert und veranstaltet dieser Treffen \u00f6sterreichischer bzw. in \u00d6sterreich lebender Autoren, Spiele-Test-Veranstaltungen, sowie Spielefeste, etc. \u2026 und unterst\u00fctzt wissenschaftliche Arbeiten und Forschung zum Thema Spiel.<\/p>\n\n\n\n<h2 class=\"wp-block-heading\">Termine-Highlights 2026<\/h2>\n\n\n\n<p><strong>Autorentreffen &#8217;26 <\/strong><br>27. Juni \/ UCC Kaiserwasser &#8211; Wien<\/p>\n\n\n\n<p><strong>Bekanntgabe Spiel-der-Spiele \/ Spiele-Hits 2026 <\/strong><br>27. Juni \/ UCC Kaiserwasser &#8211; Wien<\/p>\n\n\n\n<p><strong>Pr\u00e4sentation Empfehlungsliste Spielepreis 2026 <\/strong><br>25. September \/ Spieleb\u00f6rse &#8211; Innsbruck<\/p>\n\n\n\n<p><strong>Wohlf\u00fchl-Spielefest<\/strong><br>26.+27. September \/ Schloss Tollet &#8211; Grieskirchen &#8211; Ober\u00f6sterreich)<\/p>\n\n\n\n<p><strong>3. \u00d6sterreichweites Expertenspieltreffen<\/strong><br>26.+27. September \/ Schloss Tollet &#8211; Grieskirchen &#8211; Ober\u00f6sterreich<\/p>\n\n\n\n<p><strong><a href=\"http:\/\/www.spieleakademie.at\/wordpress\/1-offizielle-oesterreich-meisterschaft-in-terraforming-mars\/\" data-type=\"page\" data-id=\"1029\">1. Offizielle \u00d6sterreich-Meisterschaft in Terraforming Mars <\/a><\/strong><br>26.+27. September \/ Schloss Tollet &#8211; Grieskirchen &#8211; Ober\u00f6sterreich<\/p>\n\n\n\n<p><strong>Spielefest am Kaiserwasser <\/strong><br>14.+15. November \/ UCC Kaiserwasser &#8211; Wien<\/p>\n\n\n\n<p><strong>Verleihung Spielepreis 2026 <\/strong><br>28. November \/ im Rahmen von Spiel Aktiv 2026 &#8211; Messe-Innsbruck<\/p>\n\n\n\n<p>Weitere Informationen kommen bald!<\/p>\n","protected":false},"excerpt":{"rendered":"<p>Der Zweck des gemeinn\u00fctzigen Vereins \u201e\u00d6sterreichische Spiele-Akademie\u201c ist die ausschlie\u00dfliche und unmittelbare F\u00f6rderung des Gesellschaftsspiels in \u00d6sterreich. Neben der Vergabe des \u00d6sterreichischen Spielepreises organisiert und veranstaltet dieser Treffen \u00f6sterreichischer bzw. in \u00d6sterreich lebender Autoren, Spiele-Test-Veranstaltungen, sowie Spielefeste, etc. \u2026 und unterst\u00fctzt wissenschaftliche Arbeiten und Forschung zum Thema Spiel. Termine-Highlights 2026 Autorentreffen &#8217;26 27. Juni \/ [&hellip;]<\/p>\n","protected":false},"author":1,"featured_media":0,"parent":0,"menu_order":0,"comment_status":"closed","ping_status":"closed","template":"","meta":{"footnotes":""},"class_list":["post-904","page","type-page","status-publish","hentry"],"_links":{"self":[{"href":"http:\/\/www.spieleakademie.at\/wordpress\/wp-json\/wp\/v2\/pages\/904","targetHints":{"allow":["GET"]}}],"collection":[{"href":"http:\/\/www.spieleakademie.at\/wordpress\/wp-json\/wp\/v2\/pages"}],"about":[{"href":"http:\/\/www.spieleakademie.at\/wordpress\/wp-json\/wp\/v2\/types\/page"}],"author":[{"embeddable":true,"href":"http:\/\/www.spieleakademie.at\/wordpress\/wp-json\/wp\/v2\/users\/1"}],"replies":[{"embeddable":true,"href":"http:\/\/www.spieleakademie.at\/wordpress\/wp-json\/wp\/v2\/comments?post=904"}],"version-history":[{"count":18,"href":"http:\/\/www.spieleakademie.at\/wordpress\/wp-json\/wp\/v2\/pages\/904\/revisions"}],"predecessor-version":[{"id":1075,"href":"http:\/\/www.spieleakademie.at\/wordpress\/wp-json\/wp\/v2\/pages\/904\/revisions\/1075"}],"wp:attachment":[{"href":"http:\/\/www.spieleakademie.at\/wordpress\/wp-json\/wp\/v2\/media?parent=904"}],"curies":[{"name":"wp","href":"https:\/\/api.w.org\/{rel}","templated":true}]}}